{"id":2539,"date":"2022-01-30T13:47:09","date_gmt":"2022-01-30T11:47:09","guid":{"rendered":"https:\/\/m-filter.fi\/yleisilmanvaihdon-suodattimet\/coarse-pre-filters\/"},"modified":"2022-02-14T19:11:36","modified_gmt":"2022-02-14T17:11:36","slug":"grov-forfilter","status":"publish","type":"page","link":"https:\/\/m-filter.fi\/sv\/hvac-filter\/grov-forfilter\/","title":{"rendered":"Grov-\/f\u00f6rfilter"},"content":{"rendered":"<p>Vid grovfiltrering avskiljs alla st\u00f6rre partiklar ur luften. I vissa fall \u00e4r grovfiltrering en tillr\u00e4cklig luftreningsniv\u00e5, men ofta beh\u00f6vs ytterligare filtrering genom att exempelvis anv\u00e4nda finfiltrering. Grovfiltrering \u00e4r mer allm\u00e4n och bidrar till att optimera livsl\u00e4ngden f\u00f6r andra filter som anv\u00e4nds, till exempel finfilter och EPA\/HEPA-filter.<\/p>\n","protected":false},"excerpt":{"rendered":"<p>Vid grovfiltrering avskiljs alla st\u00f6rre partiklar ur luften. I vissa fall \u00e4r grovfiltrering en tillr\u00e4cklig luftreningsniv\u00e5, men ofta beh\u00f6vs ytterligare filtrering genom att exempelvis anv\u00e4nda finfiltrering. Grovfiltrering \u00e4r mer allm\u00e4n och bidrar till att optimera livsl\u00e4ngden f\u00f6r andra filter som anv\u00e4nds, till exempel finfilter och EPA\/HEPA-filter.<\/p>\n","protected":false},"author":3,"featured_media":1795,"parent":2458,"menu_order":20,"comment_status":"closed","ping_status":"closed","template":"","meta":{"_acf_changed":false,"footnotes":""},"class_list":["post-2539","page","type-page","status-publish","has-post-thumbnail","hentry"],"acf":[],"_links":{"self":[{"href":"https:\/\/m-filter.fi\/sv\/wp-json\/wp\/v2\/pages\/2539","targetHints":{"allow":["GET"]}}],"collection":[{"href":"https:\/\/m-filter.fi\/sv\/wp-json\/wp\/v2\/pages"}],"about":[{"href":"https:\/\/m-filter.fi\/sv\/wp-json\/wp\/v2\/types\/page"}],"author":[{"embeddable":true,"href":"https:\/\/m-filter.fi\/sv\/wp-json\/wp\/v2\/users\/3"}],"replies":[{"embeddable":true,"href":"https:\/\/m-filter.fi\/sv\/wp-json\/wp\/v2\/comments?post=2539"}],"version-history":[{"count":2,"href":"https:\/\/m-filter.fi\/sv\/wp-json\/wp\/v2\/pages\/2539\/revisions"}],"predecessor-version":[{"id":2854,"href":"https:\/\/m-filter.fi\/sv\/wp-json\/wp\/v2\/pages\/2539\/revisions\/2854"}],"up":[{"embeddable":true,"href":"https:\/\/m-filter.fi\/sv\/wp-json\/wp\/v2\/pages\/2458"}],"wp:featuredmedia":[{"embeddable":true,"href":"https:\/\/m-filter.fi\/sv\/wp-json\/wp\/v2\/media\/1795"}],"wp:attachment":[{"href":"https:\/\/m-filter.fi\/sv\/wp-json\/wp\/v2\/media?parent=2539"}],"curies":[{"name":"wp","href":"https:\/\/api.w.org\/{rel}","templated":true}]}}